{"id":769,"date":"2025-05-23T15:54:53","date_gmt":"2025-05-23T13:54:53","guid":{"rendered":"https:\/\/ebl.ort-web.de\/home-page\/"},"modified":"2026-02-27T16:14:50","modified_gmt":"2026-02-27T15:14:50","slug":"home-page","status":"publish","type":"page","link":"https:\/\/ebl-legal.de\/en\/","title":{"rendered":"Home page"},"content":{"rendered":"","protected":false},"excerpt":{"rendered":"","protected":false},"author":1,"featured_media":0,"parent":0,"menu_order":0,"comment_status":"closed","ping_status":"closed","template":"","meta":{"_acf_changed":false,"footnotes":""},"class_list":["post-769","page","type-page","status-publish","hentry"],"acf":{"ebl":{"bild":false,"video":{"ID":788,"id":788,"title":"Master_TL_03_EBL_Webseite_Film_960x700_no_copy_web 1","filename":"Master_TL_03_EBL_Webseite_Film_960x700_no_copy_web-1.mp4","filesize":9621788,"url":"https:\/\/ebl-legal.de\/wp-content\/uploads\/2025\/09\/Master_TL_03_EBL_Webseite_Film_960x700_no_copy_web-1.mp4","link":"https:\/\/ebl-legal.de\/en\/home-page\/master_tl_03_ebl_webseite_film_960x700_no_copy_web-1-2\/","alt":"","author":"1","description":"","caption":"","name":"master_tl_03_ebl_webseite_film_960x700_no_copy_web-1-2","status":"inherit","uploaded_to":769,"date":"2025-09-05 08:11:35","modified":"2025-09-05 08:11:35","menu_order":0,"mime_type":"video\/mp4","type":"video","subtype":"mp4","icon":"https:\/\/ebl-legal.de\/wp-includes\/images\/media\/video.png","width":960,"height":700}},"unsere_kanzlei":{"title":"We find <br\/>solutions","einfuhrungstext":"<p>At <strong>ebl D\u00fcsseldorf<\/strong>, we combine<br \/>\nexpertise in <strong><a href=\"https:\/\/ebl-legal.de\/leistungen\/arbeitsrecht\/\">employment<\/a><\/strong><br \/>\nand <strong><a href=\"https:\/\/ebl-legal.de\/leistungen\/gesellschaftsrecht\/\">corporate law.<\/a><\/strong><\/p>\n<p>This enables us to provide you with clear recommendations and viable solutions<br \/>\nfor you \u2013 <strong>across borders.<\/strong><\/p>\n","bild":[{"ID":790,"id":790,"title":"1250701 - ORT - EBL - EMPFANG - 033_1200x1500px","filename":"1250701-ORT-EBL-EMPFANG-033_1200x1500px.jpg","filesize":376408,"url":"https:\/\/ebl-legal.de\/wp-content\/uploads\/2025\/12\/1250701-ORT-EBL-EMPFANG-033_1200x1500px.jpg","link":"https:\/\/ebl-legal.de\/en\/home-page\/1250701-ort-ebl-empfang-033_1200x1500px-2\/","alt":"","author":"1","description":"","caption":"","name":"1250701-ort-ebl-empfang-033_1200x1500px-2","status":"inherit","uploaded_to":769,"date":"2025-12-01 16:14:49","modified":"2025-12-01 16:14:49","menu_order":0,"mime_type":"image\/jpeg","type":"image","subtype":"jpeg","icon":"https:\/\/ebl-legal.de\/wp-includes\/images\/media\/default.png","width":1200,"height":1500,"sizes":{"thumbnail":"https:\/\/ebl-legal.de\/wp-content\/uploads\/2025\/12\/1250701-ORT-EBL-EMPFANG-033_1200x1500px-300x300.jpg","thumbnail-width":300,"thumbnail-height":300,"medium":"https:\/\/ebl-legal.de\/wp-content\/uploads\/2025\/12\/1250701-ORT-EBL-EMPFANG-033_1200x1500px-480x600.jpg","medium-width":480,"medium-height":600,"medium_large":"https:\/\/ebl-legal.de\/wp-content\/uploads\/2025\/12\/1250701-ORT-EBL-EMPFANG-033_1200x1500px-768x960.jpg","medium_large-width":768,"medium_large-height":960,"large":"https:\/\/ebl-legal.de\/wp-content\/uploads\/2025\/12\/1250701-ORT-EBL-EMPFANG-033_1200x1500px-960x1200.jpg","large-width":960,"large-height":1200,"1536x1536":"https:\/\/ebl-legal.de\/wp-content\/uploads\/2025\/12\/1250701-ORT-EBL-EMPFANG-033_1200x1500px.jpg","1536x1536-width":1200,"1536x1536-height":1500,"2048x2048":"https:\/\/ebl-legal.de\/wp-content\/uploads\/2025\/12\/1250701-ORT-EBL-EMPFANG-033_1200x1500px.jpg","2048x2048-width":1200,"2048x2048-height":1500,"hero-image":"https:\/\/ebl-legal.de\/wp-content\/uploads\/2025\/12\/1250701-ORT-EBL-EMPFANG-033_1200x1500px-1200x1080.jpg","hero-image-width":1200,"hero-image-height":1080,"feature-image":"https:\/\/ebl-legal.de\/wp-content\/uploads\/2025\/12\/1250701-ORT-EBL-EMPFANG-033_1200x1500px-600x400.jpg","feature-image-width":600,"feature-image-height":400}},{"ID":791,"id":791,"title":"1250701 - ORT - EBL - MOODS - 124_1200x1500px","filename":"1250701-ORT-EBL-MOODS-124_1200x1500px.jpg","filesize":302341,"url":"https:\/\/ebl-legal.de\/wp-content\/uploads\/2025\/12\/1250701-ORT-EBL-MOODS-124_1200x1500px.jpg","link":"https:\/\/ebl-legal.de\/en\/home-page\/1250701-ort-ebl-moods-124_1200x1500px-2\/","alt":"","author":"1","description":"","caption":"","name":"1250701-ort-ebl-moods-124_1200x1500px-2","status":"inherit","uploaded_to":769,"date":"2025-12-01 16:14:53","modified":"2025-12-01 16:14:53","menu_order":0,"mime_type":"image\/jpeg","type":"image","subtype":"jpeg","icon":"https:\/\/ebl-legal.de\/wp-includes\/images\/media\/default.png","width":1200,"height":1500,"sizes":{"thumbnail":"https:\/\/ebl-legal.de\/wp-content\/uploads\/2025\/12\/1250701-ORT-EBL-MOODS-124_1200x1500px-300x300.jpg","thumbnail-width":300,"thumbnail-height":300,"medium":"https:\/\/ebl-legal.de\/wp-content\/uploads\/2025\/12\/1250701-ORT-EBL-MOODS-124_1200x1500px-480x600.jpg","medium-width":480,"medium-height":600,"medium_large":"https:\/\/ebl-legal.de\/wp-content\/uploads\/2025\/12\/1250701-ORT-EBL-MOODS-124_1200x1500px-768x960.jpg","medium_large-width":768,"medium_large-height":960,"large":"https:\/\/ebl-legal.de\/wp-content\/uploads\/2025\/12\/1250701-ORT-EBL-MOODS-124_1200x1500px-960x1200.jpg","large-width":960,"large-height":1200,"1536x1536":"https:\/\/ebl-legal.de\/wp-content\/uploads\/2025\/12\/1250701-ORT-EBL-MOODS-124_1200x1500px.jpg","1536x1536-width":1200,"1536x1536-height":1500,"2048x2048":"https:\/\/ebl-legal.de\/wp-content\/uploads\/2025\/12\/1250701-ORT-EBL-MOODS-124_1200x1500px.jpg","2048x2048-width":1200,"2048x2048-height":1500,"hero-image":"https:\/\/ebl-legal.de\/wp-content\/uploads\/2025\/12\/1250701-ORT-EBL-MOODS-124_1200x1500px-1200x1080.jpg","hero-image-width":1200,"hero-image-height":1080,"feature-image":"https:\/\/ebl-legal.de\/wp-content\/uploads\/2025\/12\/1250701-ORT-EBL-MOODS-124_1200x1500px-600x400.jpg","feature-image-width":600,"feature-image-height":400}},{"ID":792,"id":792,"title":"1250701 - ORT - EBL - TREPPE - 016_1200x1500px","filename":"1250701-ORT-EBL-TREPPE-016_1200x1500px.jpg","filesize":333592,"url":"https:\/\/ebl-legal.de\/wp-content\/uploads\/2025\/12\/1250701-ORT-EBL-TREPPE-016_1200x1500px.jpg","link":"https:\/\/ebl-legal.de\/en\/home-page\/1250701-ort-ebl-treppe-016_1200x1500px-2\/","alt":"","author":"1","description":"","caption":"","name":"1250701-ort-ebl-treppe-016_1200x1500px-2","status":"inherit","uploaded_to":769,"date":"2025-12-01 16:14:56","modified":"2025-12-01 16:14:56","menu_order":0,"mime_type":"image\/jpeg","type":"image","subtype":"jpeg","icon":"https:\/\/ebl-legal.de\/wp-includes\/images\/media\/default.png","width":1200,"height":1500,"sizes":{"thumbnail":"https:\/\/ebl-legal.de\/wp-content\/uploads\/2025\/12\/1250701-ORT-EBL-TREPPE-016_1200x1500px-300x300.jpg","thumbnail-width":300,"thumbnail-height":300,"medium":"https:\/\/ebl-legal.de\/wp-content\/uploads\/2025\/12\/1250701-ORT-EBL-TREPPE-016_1200x1500px-480x600.jpg","medium-width":480,"medium-height":600,"medium_large":"https:\/\/ebl-legal.de\/wp-content\/uploads\/2025\/12\/1250701-ORT-EBL-TREPPE-016_1200x1500px-768x960.jpg","medium_large-width":768,"medium_large-height":960,"large":"https:\/\/ebl-legal.de\/wp-content\/uploads\/2025\/12\/1250701-ORT-EBL-TREPPE-016_1200x1500px-960x1200.jpg","large-width":960,"large-height":1200,"1536x1536":"https:\/\/ebl-legal.de\/wp-content\/uploads\/2025\/12\/1250701-ORT-EBL-TREPPE-016_1200x1500px.jpg","1536x1536-width":1200,"1536x1536-height":1500,"2048x2048":"https:\/\/ebl-legal.de\/wp-content\/uploads\/2025\/12\/1250701-ORT-EBL-TREPPE-016_1200x1500px.jpg","2048x2048-width":1200,"2048x2048-height":1500,"hero-image":"https:\/\/ebl-legal.de\/wp-content\/uploads\/2025\/12\/1250701-ORT-EBL-TREPPE-016_1200x1500px-1200x1080.jpg","hero-image-width":1200,"hero-image-height":1080,"feature-image":"https:\/\/ebl-legal.de\/wp-content\/uploads\/2025\/12\/1250701-ORT-EBL-TREPPE-016_1200x1500px-600x400.jpg","feature-image-width":600,"feature-image-height":400}},{"ID":793,"id":793,"title":"2250701 - ORT - EBL - SESSEL - 103_1200x1500px","filename":"2250701-ORT-EBL-SESSEL-103_1200x1500px.jpg","filesize":361702,"url":"https:\/\/ebl-legal.de\/wp-content\/uploads\/2025\/12\/2250701-ORT-EBL-SESSEL-103_1200x1500px.jpg","link":"https:\/\/ebl-legal.de\/en\/home-page\/2250701-ort-ebl-sessel-103_1200x1500px-2\/","alt":"","author":"1","description":"","caption":"","name":"2250701-ort-ebl-sessel-103_1200x1500px-2","status":"inherit","uploaded_to":769,"date":"2025-12-01 16:14:59","modified":"2025-12-01 16:14:59","menu_order":0,"mime_type":"image\/jpeg","type":"image","subtype":"jpeg","icon":"https:\/\/ebl-legal.de\/wp-includes\/images\/media\/default.png","width":1200,"height":1500,"sizes":{"thumbnail":"https:\/\/ebl-legal.de\/wp-content\/uploads\/2025\/12\/2250701-ORT-EBL-SESSEL-103_1200x1500px-300x300.jpg","thumbnail-width":300,"thumbnail-height":300,"medium":"https:\/\/ebl-legal.de\/wp-content\/uploads\/2025\/12\/2250701-ORT-EBL-SESSEL-103_1200x1500px-480x600.jpg","medium-width":480,"medium-height":600,"medium_large":"https:\/\/ebl-legal.de\/wp-content\/uploads\/2025\/12\/2250701-ORT-EBL-SESSEL-103_1200x1500px-768x960.jpg","medium_large-width":768,"medium_large-height":960,"large":"https:\/\/ebl-legal.de\/wp-content\/uploads\/2025\/12\/2250701-ORT-EBL-SESSEL-103_1200x1500px-960x1200.jpg","large-width":960,"large-height":1200,"1536x1536":"https:\/\/ebl-legal.de\/wp-content\/uploads\/2025\/12\/2250701-ORT-EBL-SESSEL-103_1200x1500px.jpg","1536x1536-width":1200,"1536x1536-height":1500,"2048x2048":"https:\/\/ebl-legal.de\/wp-content\/uploads\/2025\/12\/2250701-ORT-EBL-SESSEL-103_1200x1500px.jpg","2048x2048-width":1200,"2048x2048-height":1500,"hero-image":"https:\/\/ebl-legal.de\/wp-content\/uploads\/2025\/12\/2250701-ORT-EBL-SESSEL-103_1200x1500px-1200x1080.jpg","hero-image-width":1200,"hero-image-height":1080,"feature-image":"https:\/\/ebl-legal.de\/wp-content\/uploads\/2025\/12\/2250701-ORT-EBL-SESSEL-103_1200x1500px-600x400.jpg","feature-image-width":600,"feature-image-height":400}},{"ID":794,"id":794,"title":"3250701 - ORT - EBL - MOODS - 077_1200x1500px","filename":"3250701-ORT-EBL-MOODS-077_1200x1500px.jpg","filesize":578703,"url":"https:\/\/ebl-legal.de\/wp-content\/uploads\/2025\/12\/3250701-ORT-EBL-MOODS-077_1200x1500px.jpg","link":"https:\/\/ebl-legal.de\/en\/home-page\/3250701-ort-ebl-moods-077_1200x1500px-2\/","alt":"","author":"1","description":"","caption":"","name":"3250701-ort-ebl-moods-077_1200x1500px-2","status":"inherit","uploaded_to":769,"date":"2025-12-01 16:15:02","modified":"2025-12-01 16:15:02","menu_order":0,"mime_type":"image\/jpeg","type":"image","subtype":"jpeg","icon":"https:\/\/ebl-legal.de\/wp-includes\/images\/media\/default.png","width":1200,"height":1500,"sizes":{"thumbnail":"https:\/\/ebl-legal.de\/wp-content\/uploads\/2025\/12\/3250701-ORT-EBL-MOODS-077_1200x1500px-300x300.jpg","thumbnail-width":300,"thumbnail-height":300,"medium":"https:\/\/ebl-legal.de\/wp-content\/uploads\/2025\/12\/3250701-ORT-EBL-MOODS-077_1200x1500px-480x600.jpg","medium-width":480,"medium-height":600,"medium_large":"https:\/\/ebl-legal.de\/wp-content\/uploads\/2025\/12\/3250701-ORT-EBL-MOODS-077_1200x1500px-768x960.jpg","medium_large-width":768,"medium_large-height":960,"large":"https:\/\/ebl-legal.de\/wp-content\/uploads\/2025\/12\/3250701-ORT-EBL-MOODS-077_1200x1500px-960x1200.jpg","large-width":960,"large-height":1200,"1536x1536":"https:\/\/ebl-legal.de\/wp-content\/uploads\/2025\/12\/3250701-ORT-EBL-MOODS-077_1200x1500px.jpg","1536x1536-width":1200,"1536x1536-height":1500,"2048x2048":"https:\/\/ebl-legal.de\/wp-content\/uploads\/2025\/12\/3250701-ORT-EBL-MOODS-077_1200x1500px.jpg","2048x2048-width":1200,"2048x2048-height":1500,"hero-image":"https:\/\/ebl-legal.de\/wp-content\/uploads\/2025\/12\/3250701-ORT-EBL-MOODS-077_1200x1500px-1200x1080.jpg","hero-image-width":1200,"hero-image-height":1080,"feature-image":"https:\/\/ebl-legal.de\/wp-content\/uploads\/2025\/12\/3250701-ORT-EBL-MOODS-077_1200x1500px-600x400.jpg","feature-image-width":600,"feature-image-height":400}},{"ID":795,"id":795,"title":"3250701 - ORT - EBL - MOODS - 090_1200x1500px","filename":"3250701-ORT-EBL-MOODS-090_1200x1500px.jpg","filesize":363313,"url":"https:\/\/ebl-legal.de\/wp-content\/uploads\/2025\/12\/3250701-ORT-EBL-MOODS-090_1200x1500px.jpg","link":"https:\/\/ebl-legal.de\/en\/home-page\/3250701-ort-ebl-moods-090_1200x1500px-2\/","alt":"","author":"1","description":"","caption":"","name":"3250701-ort-ebl-moods-090_1200x1500px-2","status":"inherit","uploaded_to":769,"date":"2025-12-01 16:15:05","modified":"2025-12-01 16:15:05","menu_order":0,"mime_type":"image\/jpeg","type":"image","subtype":"jpeg","icon":"https:\/\/ebl-legal.de\/wp-includes\/images\/media\/default.png","width":1200,"height":1501,"sizes":{"thumbnail":"https:\/\/ebl-legal.de\/wp-content\/uploads\/2025\/12\/3250701-ORT-EBL-MOODS-090_1200x1500px-300x300.jpg","thumbnail-width":300,"thumbnail-height":300,"medium":"https:\/\/ebl-legal.de\/wp-content\/uploads\/2025\/12\/3250701-ORT-EBL-MOODS-090_1200x1500px-480x600.jpg","medium-width":480,"medium-height":600,"medium_large":"https:\/\/ebl-legal.de\/wp-content\/uploads\/2025\/12\/3250701-ORT-EBL-MOODS-090_1200x1500px-768x961.jpg","medium_large-width":768,"medium_large-height":961,"large":"https:\/\/ebl-legal.de\/wp-content\/uploads\/2025\/12\/3250701-ORT-EBL-MOODS-090_1200x1500px-959x1200.jpg","large-width":959,"large-height":1200,"1536x1536":"https:\/\/ebl-legal.de\/wp-content\/uploads\/2025\/12\/3250701-ORT-EBL-MOODS-090_1200x1500px.jpg","1536x1536-width":1200,"1536x1536-height":1501,"2048x2048":"https:\/\/ebl-legal.de\/wp-content\/uploads\/2025\/12\/3250701-ORT-EBL-MOODS-090_1200x1500px.jpg","2048x2048-width":1200,"2048x2048-height":1501,"hero-image":"https:\/\/ebl-legal.de\/wp-content\/uploads\/2025\/12\/3250701-ORT-EBL-MOODS-090_1200x1500px-1200x1080.jpg","hero-image-width":1200,"hero-image-height":1080,"feature-image":"https:\/\/ebl-legal.de\/wp-content\/uploads\/2025\/12\/3250701-ORT-EBL-MOODS-090_1200x1500px-600x400.jpg","feature-image-width":600,"feature-image-height":400}},{"ID":796,"id":796,"title":"3250701 - ORT - EBL - MOODS - 119_1200x1500px","filename":"3250701-ORT-EBL-MOODS-119_1200x1500px.jpg","filesize":334378,"url":"https:\/\/ebl-legal.de\/wp-content\/uploads\/2025\/12\/3250701-ORT-EBL-MOODS-119_1200x1500px.jpg","link":"https:\/\/ebl-legal.de\/en\/home-page\/3250701-ort-ebl-moods-119_1200x1500px-2\/","alt":"","author":"1","description":"","caption":"","name":"3250701-ort-ebl-moods-119_1200x1500px-2","status":"inherit","uploaded_to":769,"date":"2025-12-01 16:15:08","modified":"2025-12-01 16:15:08","menu_order":0,"mime_type":"image\/jpeg","type":"image","subtype":"jpeg","icon":"https:\/\/ebl-legal.de\/wp-includes\/images\/media\/default.png","width":1200,"height":1500,"sizes":{"thumbnail":"https:\/\/ebl-legal.de\/wp-content\/uploads\/2025\/12\/3250701-ORT-EBL-MOODS-119_1200x1500px-300x300.jpg","thumbnail-width":300,"thumbnail-height":300,"medium":"https:\/\/ebl-legal.de\/wp-content\/uploads\/2025\/12\/3250701-ORT-EBL-MOODS-119_1200x1500px-480x600.jpg","medium-width":480,"medium-height":600,"medium_large":"https:\/\/ebl-legal.de\/wp-content\/uploads\/2025\/12\/3250701-ORT-EBL-MOODS-119_1200x1500px-768x960.jpg","medium_large-width":768,"medium_large-height":960,"large":"https:\/\/ebl-legal.de\/wp-content\/uploads\/2025\/12\/3250701-ORT-EBL-MOODS-119_1200x1500px-960x1200.jpg","large-width":960,"large-height":1200,"1536x1536":"https:\/\/ebl-legal.de\/wp-content\/uploads\/2025\/12\/3250701-ORT-EBL-MOODS-119_1200x1500px.jpg","1536x1536-width":1200,"1536x1536-height":1500,"2048x2048":"https:\/\/ebl-legal.de\/wp-content\/uploads\/2025\/12\/3250701-ORT-EBL-MOODS-119_1200x1500px.jpg","2048x2048-width":1200,"2048x2048-height":1500,"hero-image":"https:\/\/ebl-legal.de\/wp-content\/uploads\/2025\/12\/3250701-ORT-EBL-MOODS-119_1200x1500px-1200x1080.jpg","hero-image-width":1200,"hero-image-height":1080,"feature-image":"https:\/\/ebl-legal.de\/wp-content\/uploads\/2025\/12\/3250701-ORT-EBL-MOODS-119_1200x1500px-600x400.jpg","feature-image-width":600,"feature-image-height":400}},{"ID":797,"id":797,"title":"3250701 - ORT - EBL - MOODS - 129_1200x1500px","filename":"3250701-ORT-EBL-MOODS-129_1200x1500px.jpg","filesize":345089,"url":"https:\/\/ebl-legal.de\/wp-content\/uploads\/2025\/12\/3250701-ORT-EBL-MOODS-129_1200x1500px.jpg","link":"https:\/\/ebl-legal.de\/en\/home-page\/3250701-ort-ebl-moods-129_1200x1500px-2\/","alt":"","author":"1","description":"","caption":"","name":"3250701-ort-ebl-moods-129_1200x1500px-2","status":"inherit","uploaded_to":769,"date":"2025-12-01 16:15:11","modified":"2025-12-01 16:15:11","menu_order":0,"mime_type":"image\/jpeg","type":"image","subtype":"jpeg","icon":"https:\/\/ebl-legal.de\/wp-includes\/images\/media\/default.png","width":1200,"height":1499,"sizes":{"thumbnail":"https:\/\/ebl-legal.de\/wp-content\/uploads\/2025\/12\/3250701-ORT-EBL-MOODS-129_1200x1500px-300x300.jpg","thumbnail-width":300,"thumbnail-height":300,"medium":"https:\/\/ebl-legal.de\/wp-content\/uploads\/2025\/12\/3250701-ORT-EBL-MOODS-129_1200x1500px-480x600.jpg","medium-width":480,"medium-height":600,"medium_large":"https:\/\/ebl-legal.de\/wp-content\/uploads\/2025\/12\/3250701-ORT-EBL-MOODS-129_1200x1500px-768x959.jpg","medium_large-width":768,"medium_large-height":959,"large":"https:\/\/ebl-legal.de\/wp-content\/uploads\/2025\/12\/3250701-ORT-EBL-MOODS-129_1200x1500px-961x1200.jpg","large-width":961,"large-height":1200,"1536x1536":"https:\/\/ebl-legal.de\/wp-content\/uploads\/2025\/12\/3250701-ORT-EBL-MOODS-129_1200x1500px.jpg","1536x1536-width":1200,"1536x1536-height":1499,"2048x2048":"https:\/\/ebl-legal.de\/wp-content\/uploads\/2025\/12\/3250701-ORT-EBL-MOODS-129_1200x1500px.jpg","2048x2048-width":1200,"2048x2048-height":1499,"hero-image":"https:\/\/ebl-legal.de\/wp-content\/uploads\/2025\/12\/3250701-ORT-EBL-MOODS-129_1200x1500px-1200x1080.jpg","hero-image-width":1200,"hero-image-height":1080,"feature-image":"https:\/\/ebl-legal.de\/wp-content\/uploads\/2025\/12\/3250701-ORT-EBL-MOODS-129_1200x1500px-600x400.jpg","feature-image-width":600,"feature-image-height":400}}]},"home_slogan":{"image":{"ID":405,"id":405,"title":"Startseite_2_1500x1000","filename":"Startseite_2_1500x1000.jpg","filesize":841649,"url":"https:\/\/ebl-legal.de\/wp-content\/uploads\/2025\/06\/Startseite_2_1500x1000.jpg","link":"https:\/\/ebl-legal.de\/en\/startseite_2_1500x1000\/","alt":"ENGAGIERTES TEAM, ZIELF\u00dcHRENDE, BERATUNG, L\u00d6SUNGEN, DIE \u00dcBERZEUGEN","author":"1","description":"","caption":"","name":"startseite_2_1500x1000","status":"inherit","uploaded_to":0,"date":"2025-09-08 14:10:07","modified":"2025-10-06 10:14:47","menu_order":0,"mime_type":"image\/jpeg","type":"image","subtype":"jpeg","icon":"https:\/\/ebl-legal.de\/wp-includes\/images\/media\/default.png","width":1500,"height":1000,"sizes":{"thumbnail":"https:\/\/ebl-legal.de\/wp-content\/uploads\/2025\/06\/Startseite_2_1500x1000-300x300.jpg","thumbnail-width":300,"thumbnail-height":300,"medium":"https:\/\/ebl-legal.de\/wp-content\/uploads\/2025\/06\/Startseite_2_1500x1000-600x400.jpg","medium-width":600,"medium-height":400,"medium_large":"https:\/\/ebl-legal.de\/wp-content\/uploads\/2025\/06\/Startseite_2_1500x1000-768x512.jpg","medium_large-width":768,"medium_large-height":512,"large":"https:\/\/ebl-legal.de\/wp-content\/uploads\/2025\/06\/Startseite_2_1500x1000-1200x800.jpg","large-width":1200,"large-height":800,"1536x1536":"https:\/\/ebl-legal.de\/wp-content\/uploads\/2025\/06\/Startseite_2_1500x1000.jpg","1536x1536-width":1500,"1536x1536-height":1000,"2048x2048":"https:\/\/ebl-legal.de\/wp-content\/uploads\/2025\/06\/Startseite_2_1500x1000.jpg","2048x2048-width":1500,"2048x2048-height":1000,"hero-image":"https:\/\/ebl-legal.de\/wp-content\/uploads\/2025\/06\/Startseite_2_1500x1000.jpg","hero-image-width":1500,"hero-image-height":1000,"feature-image":"https:\/\/ebl-legal.de\/wp-content\/uploads\/2025\/06\/Startseite_2_1500x1000-600x400.jpg","feature-image-width":600,"feature-image-height":400}}},"user_team":{"titel":"Would you like to join our team?","textblock":"<p>Committed minds are always welcome. Whether you join us as a research assistant, trainee lawyer or lawyer (m\/f\/d) \u2013 we look forward to receiving your application.<\/p>\n"},"unsere_expertise":"<p class=\"p1\"><strong>ebl D\u00fcsseldorf<\/strong> has a strong regional presence with its lawyers specialising in employment and corporate law. Across Europe, <strong>ebl D\u00fcsseldorf<\/strong> is connected to partner law firms in other major cities and is there for you across borders.<\/p>\n"},"_links":{"self":[{"href":"https:\/\/ebl-legal.de\/en\/wp-json\/wp\/v2\/pages\/769","targetHints":{"allow":["GET"]}}],"collection":[{"href":"https:\/\/ebl-legal.de\/en\/wp-json\/wp\/v2\/pages"}],"about":[{"href":"https:\/\/ebl-legal.de\/en\/wp-json\/wp\/v2\/types\/page"}],"author":[{"embeddable":true,"href":"https:\/\/ebl-legal.de\/en\/wp-json\/wp\/v2\/users\/1"}],"replies":[{"embeddable":true,"href":"https:\/\/ebl-legal.de\/en\/wp-json\/wp\/v2\/comments?post=769"}],"version-history":[{"count":12,"href":"https:\/\/ebl-legal.de\/en\/wp-json\/wp\/v2\/pages\/769\/revisions"}],"predecessor-version":[{"id":1004,"href":"https:\/\/ebl-legal.de\/en\/wp-json\/wp\/v2\/pages\/769\/revisions\/1004"}],"wp:attachment":[{"href":"https:\/\/ebl-legal.de\/en\/wp-json\/wp\/v2\/media?parent=769"}],"curies":[{"name":"wp","href":"https:\/\/api.w.org\/{rel}","templated":true}]}}