{"id":987,"date":"2025-05-27T12:09:20","date_gmt":"2025-05-27T10:09:20","guid":{"rendered":"https:\/\/ebl.ort-web.de\/legal\/legal-notice\/"},"modified":"2026-03-02T12:09:34","modified_gmt":"2026-03-02T11:09:34","slug":"legal-notice","status":"publish","type":"page","link":"https:\/\/ebl-legal.de\/en\/legal\/legal-notice\/","title":{"rendered":"Legal notice"},"content":{"rendered":"&#13;\n<p>ebl esch&amp;kramer rechtsanw\u00e4lte<br\/>Company information in accordance with the German Telemedia Act (TMG) and the German Service Information Requirements Ordinance (DL-InfoVO)<\/p>&#13;\n&#13;\n<p>Company\/legal form:<br\/>Dr. Esch &amp; Partner Rechtsanw\u00e4lte mit beschr\u00e4nkter Berufshaftung<\/p>&#13;\n&#13;\n<p>Locations:<br\/>Wuppertal \u2013 D\u00fcsseldorf<\/p>&#13;\n&#13;\n<p>Competent chambers\/professional regulations:<\/p>&#13;\n&#13;\n<p>Dr Esch &amp; Partner Rechtsanw\u00e4lte mit beschr\u00e4nkter Berufshaftung is licensed as a law firm in Germany and is a member of the D\u00fcsseldorf Bar Association, Freiligrathstrasse 25, 40479 D\u00fcsseldorf, Germany.<\/p>&#13;\n&#13;\n<p>The following lawyers of Dr Esch &amp; Partner Rechtsanw\u00e4lte mit beschr\u00e4nkter Berufshaftung are members of the D\u00fcsseldorf Bar Association, Freiligrathstrasse 25, 40479 D\u00fcsseldorf, Germany:<\/p>&#13;\n\r\n<ul class=\"wp-block-list\">&#13;\n<li>Thomas Kramer<\/li>&#13;\n<li>Frank Engelhard<\/li>&#13;\n<li>Frank Neldner<\/li>&#13;\n<li>Markus T\u00f6njann<\/li>&#13;\n<li>Jens Niehl LL.M. (University of Cape Town) <\/li>&#13;\n<li>Dr. Eva Graune<\/li>&#13;\n<li>Dr. Jill Baas-Holler<\/li>&#13;\n<li>Fabian Schrumpf<\/li>&#13;\n<li>Dr. Armin Gasper<\/li>&#13;\n<li>Christine Vock<\/li>&#13;\n<li>Tim Felix Quintiliani<\/li>&#13;\n<li>Lina Maria Loos<\/li>&#13;\n<li>Elena Dittrich<\/li>&#13;\n<li>Dr. Robin Braun<\/li>&#13;\n<li>Raoul Jasper<\/li>&#13;\n<li>Magdalena Krahwinkel<\/li>&#13;\n<li>Kerstin Fischer<\/li>&#13;\n<li><span data-teams=\"true\">Leonard Bona<\/span><\/li>&#13;\n<li><span data-teams=\"true\">Lara Burth<\/span><\/li>&#13;\n<\/ul>\r\n&#13;\n<p>The following fee and professional regulations apply to lawyers:<\/p>&#13;\n\r\n<ul class=\"wp-block-list\">&#13;\n<li>BRAO \u2013 Federal Lawyers&#8217; Act<\/li>&#13;\n\r\n\r\n&#13;\n<li>BORA \u2013 Professional Code of Conduct for Lawyers<\/li>&#13;\n\r\n\r\n&#13;\n<li>FAO \u2013 Specialist Lawyers Act<\/li>&#13;\n\r\n\r\n&#13;\n<li>RVG \u2013 Lawyers&#8217; Fees Act<\/li>&#13;\n\r\n\r\n&#13;\n<li>CCBE \u2013 Code of Conduct for Lawyers in the European Community<\/li>&#13;\n<\/ul>\r\n&#13;\n<p>The fee and professional regulations are available on the website of the German Federal Bar Association (<a href=\"https:\/\/www.brak.de\/\" target=\"_blank\" rel=\"noreferrer noopener\">https:\/\/www.brak.de<\/a>) under the heading &#8220;Berufsrecht&#8221; (Professional Law).<\/p>&#13;\n&#13;\n<p>EU platform for out-of-court online dispute resolution: <a href=\"https:\/\/ec.europa.eu\/consumers\/odr\/\" target=\"_blank\" rel=\"noreferrer noopener\">https:\/\/ec.europa.eu\/consumers\/odr\/<\/a><\/p>&#13;\n&#13;\n<p>Registered office of the company:<br\/>Wall 21, 42103 Wuppertal, Germany<br\/>Tel.: +49(0) 202 255 505 \u2013 0<br\/>Fax: +49(0) 202 255 505 \u2013 5<br\/>E-Mail: mail@ebl-eschkramer.com<\/p>&#13;\n&#13;\n<p>Partners:<br\/>Thomas Kramer, Frank Engelhard, Frank Neldner, Markus T\u00f6njann, Jens Niehl LL.M. (University of Cape Town), Dr. Armin Gasper, Tim Quintiliani, Raoul Jasper, Magdalena Krahwinkel <\/p>&#13;\n&#13;\n<p>Registration:<br\/>Essen Local Court, Partnership Register, PR 482<\/p>&#13;\n&#13;\n<p>VAT identification number:<br\/>DE 242766306<\/p>&#13;\n&#13;\n<p>Professional indemnity insurance:<br\/>Allianz Versicherungs-AG<br\/>K\u00f6niginstrasse 28<br\/>80802 Munich, Germany<\/p>&#13;\n&#13;\n<p>The geographical scope of the insurance cover includes activities in the member states of the European Union and thus fulfils at least the requirements of Section 51 of the Federal Lawyers&#8217; Act (BRAO).<\/p>&#13;\n&#13;\n<p>The company does not undertake to participate in dispute resolution proceedings before a consumer arbitration board.<\/p>&#13;\n&#13;\n<p>Information about ebl<\/p>&#13;\n&#13;\n<p>Dr. Esch &amp; Partner Rechtsanw\u00e4lte mit beschr\u00e4nkter Berufshaftung<br\/>Wuppertal<\/p>&#13;\n&#13;\n<p>ebl factum rechtsanw\u00e4lte | notare<br\/>Limited liability partnership<br\/>Frankfurt\/Main, Germany<\/p>&#13;\n&#13;\n<p>ebl miller rosenfalck<br\/>Limited liability partnership<br\/>London<\/p>&#13;\n&#13;\n<p>ebl lexington advocats<br\/>Limited liability partnership<br\/>Paris<\/p>&#13;\n&#13;\n<p>ebl redsky<br\/>legal srl<br\/>Brussels<\/p>&#13;\n&#13;\n<p>are members of ebl EWIV<br\/>AG D\u00fcsseldorf HRA 23120<br\/>www.ebl-law.com<\/p>&#13;\n&#13;\n<p>Each member of ebl EEIG is an independent law firm operating as an independent business entity.<\/p>&#13;\n&#13;\n<p>Design and implementation: ORT Medienverbund GmbH | <a href=\"https:\/\/ort-online.net\/\">ort-online.net<\/a><\/p>&#13;\n&#13;\n<p>Sources for images and graphics used:<\/p>&#13;\n&#13;\n<p>News:<br\/>pexels | \u0410\u043d\u0430\u0441\u0442\u0430\u0441\u0438\u044f \u041a\u043e\u0440\u043e\u043b\u0435\u0432\u0430: https:\/\/www.pexels.com\/de-de\/foto\/koffein-getrank-tiefenscharfe-kaffeetasse-11582129\/<br\/>pexels | cottonbro studio: https:\/\/www.pexels.com\/de-de\/foto\/hand-festhalten-halten-thermometer-5858740\/<br\/>pexels | Lisa from Pexels: https:\/\/www.pexels.com\/de-de\/foto\/tisch-holzern-papier-zeitungen-18287623\/<br\/>pexels | Kaboompics.com: https:\/\/www.pexels.com\/de-de\/foto\/aufnahme-von-unten-froschperspektive-fliessendes-wasser-vorrichtung-4194866\/<br\/>pexels | Pixabay: https:\/\/www.pexels.com\/de-de\/foto\/selektiver-fokus-fotografie-der-person-die-auf-papier-signiert-261621\/<br\/>pexels | RDNE Stock project: https:\/\/www.pexels.com\/de-de\/foto\/person-frau-schwangerschaft-schwanger-9215238\/<br\/>pexels | Sora Shimazaki: https:\/\/www.pexels.com\/de-de\/foto\/nahaufnahme-des-holzernen-hammers-5668473\/<\/p>&#13;\n<p>All other images and graphics: ORT Medienverbund GmbH<\/p>&#13;\n","protected":false},"excerpt":{"rendered":"<p>&#13; ebl esch&amp;kramer rechtsanw\u00e4lteCompany information in accordance with the German Telemedia Act (TMG) and the German Service Information Requirements Ordinance (DL-InfoVO) &#13; &#13; Company\/legal form:Dr. Esch &amp; Partner Rechtsanw\u00e4lte mit beschr\u00e4nkter Berufshaftung &#13; &#13; Locations:Wuppertal \u2013 D\u00fcsseldorf &#13; &#13; Competent chambers\/professional regulations: &#13; &#13; Dr Esch &amp; Partner Rechtsanw\u00e4lte mit beschr\u00e4nkter Berufshaftung is licensed as [&hellip;]<\/p>\n","protected":false},"author":1,"featured_media":0,"parent":986,"menu_order":16,"comment_status":"closed","ping_status":"closed","template":"template-reintext.php","meta":{"_acf_changed":false,"footnotes":""},"class_list":["post-987","page","type-page","status-publish","hentry"],"acf":false,"_links":{"self":[{"href":"https:\/\/ebl-legal.de\/en\/wp-json\/wp\/v2\/pages\/987","targetHints":{"allow":["GET"]}}],"collection":[{"href":"https:\/\/ebl-legal.de\/en\/wp-json\/wp\/v2\/pages"}],"about":[{"href":"https:\/\/ebl-legal.de\/en\/wp-json\/wp\/v2\/types\/page"}],"author":[{"embeddable":true,"href":"https:\/\/ebl-legal.de\/en\/wp-json\/wp\/v2\/users\/1"}],"replies":[{"embeddable":true,"href":"https:\/\/ebl-legal.de\/en\/wp-json\/wp\/v2\/comments?post=987"}],"version-history":[{"count":4,"href":"https:\/\/ebl-legal.de\/en\/wp-json\/wp\/v2\/pages\/987\/revisions"}],"predecessor-version":[{"id":1009,"href":"https:\/\/ebl-legal.de\/en\/wp-json\/wp\/v2\/pages\/987\/revisions\/1009"}],"up":[{"embeddable":true,"href":"https:\/\/ebl-legal.de\/en\/wp-json\/wp\/v2\/pages\/986"}],"wp:attachment":[{"href":"https:\/\/ebl-legal.de\/en\/wp-json\/wp\/v2\/media?parent=987"}],"curies":[{"name":"wp","href":"https:\/\/api.w.org\/{rel}","templated":true}]}}